{"id":73,"date":"2024-04-25T08:04:23","date_gmt":"2024-04-25T12:04:23","guid":{"rendered":"http:\/\/192.168.1.200:8080\/www\/SitioBase\/?page_id=73"},"modified":"2025-07-20T18:27:52","modified_gmt":"2025-07-20T22:27:52","slug":"contacto","status":"publish","type":"page","link":"https:\/\/www.agrosonda.cl\/sitio\/contacto\/","title":{"rendered":"Contacto"},"content":{"rendered":"<div>\n<div>Si tiene alguna pregunta o desea obtener m\u00e1s informaci\u00f3n sobre nuestros servicios, p\u00f3ngase en contacto con nosotros, estamos aqu\u00ed para ayudarle.<\/div>\n<\/div>\n","protected":false},"excerpt":{"rendered":"<p>Si tiene alguna pregunta o desea obtener m\u00e1s informaci\u00f3n sobre nuestros servicios, p\u00f3ngase en contacto con nosotros, estamos aqu\u00ed para ayudarle.<\/p>\n","protected":false},"author":1,"featured_media":0,"parent":0,"menu_order":0,"comment_status":"closed","ping_status":"closed","template":"","meta":{"_acf_changed":false,"footnotes":""},"tags":[],"class_list":["post-73","page","type-page","status-publish","hentry"],"acf":[],"_links":{"self":[{"href":"https:\/\/www.agrosonda.cl\/sitio\/wp-json\/wp\/v2\/pages\/73","targetHints":{"allow":["GET"]}}],"collection":[{"href":"https:\/\/www.agrosonda.cl\/sitio\/wp-json\/wp\/v2\/pages"}],"about":[{"href":"https:\/\/www.agrosonda.cl\/sitio\/wp-json\/wp\/v2\/types\/page"}],"author":[{"embeddable":true,"href":"https:\/\/www.agrosonda.cl\/sitio\/wp-json\/wp\/v2\/users\/1"}],"replies":[{"embeddable":true,"href":"https:\/\/www.agrosonda.cl\/sitio\/wp-json\/wp\/v2\/comments?post=73"}],"version-history":[{"count":2,"href":"https:\/\/www.agrosonda.cl\/sitio\/wp-json\/wp\/v2\/pages\/73\/revisions"}],"predecessor-version":[{"id":482,"href":"https:\/\/www.agrosonda.cl\/sitio\/wp-json\/wp\/v2\/pages\/73\/revisions\/482"}],"wp:attachment":[{"href":"https:\/\/www.agrosonda.cl\/sitio\/wp-json\/wp\/v2\/media?parent=73"}],"wp:term":[{"taxonomy":"post_tag","embeddable":true,"href":"https:\/\/www.agrosonda.cl\/sitio\/wp-json\/wp\/v2\/tags?post=73"}],"curies":[{"name":"wp","href":"https:\/\/api.w.org\/{rel}","templated":true}]}}